{"id":56,"date":"2025-06-12T16:47:16","date_gmt":"2025-06-12T15:47:16","guid":{"rendered":"https:\/\/ccpoh-ot.mentalworks.me\/?page_id=56"},"modified":"2025-09-25T15:44:13","modified_gmt":"2025-09-25T14:44:13","slug":"jeune-public","status":"publish","type":"page","link":"https:\/\/ccpoh-ot.mentalworks.me\/nl\/groupes\/jeune-public\/","title":{"rendered":"Jong publiek"},"content":{"rendered":"<p><strong>Vous \u00eates \u00e0 la recherche d\u2019une activit\u00e9 agr\u00e9able et d\u00e9paysante pour vos \u00e9l\u00e8ves ?<\/strong><\/p>\n\n\n\n<p><strong>Apprendre en s\u2019amusant, c\u2019est plus enrichissant !<\/strong><\/p>\n\n\n\n<p>C\u2019est pourquoi l\u2019\u00e9quipe de l\u2019office de tourisme des Pays d\u2019Oise et d\u2019Halatte a r\u00e9alis\u00e9 une brochure d\u00e9di\u00e9e au jeune public.<\/p>\n\n\n\n<p>Les visites et ateliers se compl\u00e8tent et sont travaill\u00e9s pour illustrer les programmes scolaires, et sont r\u00e9partis sous les chapitres suivants :<\/p>\n\n\n\n<p>&#8211; <strong>Pays de nature<\/strong> : d\u00e9couvrir les petites b\u00eates de la mare, du sol et les oiseaux, balade nature en for\u00eat d&rsquo;Halatte, les pollinisateurs sauvages&#8230;<br>&#8211; <strong>Pays d&rsquo;histoires \u00e0 vivre<\/strong> : s\u00e9ance de yoga et de sophrologie&#8230;<br>&#8211; <strong>Pays de savoir-faire<\/strong> : atelier apprenti sculpteur et g\u00e9ologue, visite de la clouterie Rivierre&#8230;<br>&#8211; <strong>Pays de patrimoine<\/strong> : d\u00e9couverte de l&rsquo;Abbaye Royale du Moncel et ateliers p\u00e9dagogiques&#8230;<\/p>\n\n\n<div class=\"mw-image\">\n    <img loading=\"lazy\" decoding=\"async\" class=\"\" src=\"https:\/\/ccpoh-ot.mentalworks.me\/app\/uploads\/2025\/09\/4.2.jpg\" srcset=\"https:\/\/ccpoh-ot.mentalworks.me\/app\/uploads\/2025\/09\/4.2.jpg 1440w, https:\/\/ccpoh-ot.mentalworks.me\/app\/uploads\/2025\/09\/4.2-300x225.jpg 300w, https:\/\/ccpoh-ot.mentalworks.me\/app\/uploads\/2025\/09\/4.2-1024x768.jpg 1024w, https:\/\/ccpoh-ot.mentalworks.me\/app\/uploads\/2025\/09\/4.2-768x576.jpg 768w\"\n         sizes=\"auto, (max-width: 1440px) 100vw, 1440px\" alt=\"\" width=\"1440\"\n         height=\"1080\"\/>\n<\/div>\n\n\n<p>Pour vous aider \u00e0 <strong>organiser et programmer votre sortie \u00e9ducative<\/strong>, n\u2019h\u00e9sitez pas \u00e0 contacter notre charg\u00e9e de commercialisation, pour lui faire part de vos envies, elle vous conseillera en fonction de vos besoins et de votre budget.<\/p>","protected":false},"excerpt":{"rendered":"<p>Vous \u00eates \u00e0 la recherche d\u2019une activit\u00e9 agr\u00e9able et d\u00e9paysante pour vos \u00e9l\u00e8ves ? Apprendre en s\u2019amusant, c\u2019est plus enrichissant ! C\u2019est pourquoi l\u2019\u00e9quipe de l\u2019office de tourisme des Pays d\u2019Oise et d\u2019Halatte a r\u00e9alis\u00e9 une brochure d\u00e9di\u00e9e au jeune public. Les visites et ateliers se compl\u00e8tent et sont travaill\u00e9s pour illustrer les programmes scolaires, [&hellip;]<\/p>","protected":false},"author":1,"featured_media":2821,"parent":52,"menu_order":27,"comment_status":"closed","ping_status":"closed","template":"","meta":{"_acf_changed":false,"_relevanssi_hide_post":"","_relevanssi_hide_content":"","_relevanssi_pin_for_all":"","_relevanssi_pin_keywords":"","_relevanssi_unpin_keywords":"","_relevanssi_related_keywords":"","_relevanssi_related_include_ids":"","_relevanssi_related_exclude_ids":"","_relevanssi_related_no_append":"","_relevanssi_related_not_related":"","_relevanssi_related_posts":"","_relevanssi_noindex_reason":"","inline_featured_image":false,"footnotes":""},"class_list":["post-56","page","type-page","status-publish","has-post-thumbnail","hentry"],"acf":[],"_links":{"self":[{"href":"https:\/\/ccpoh-ot.mentalworks.me\/nl\/wp-json\/wp\/v2\/pages\/56","targetHints":{"allow":["GET"]}}],"collection":[{"href":"https:\/\/ccpoh-ot.mentalworks.me\/nl\/wp-json\/wp\/v2\/pages"}],"about":[{"href":"https:\/\/ccpoh-ot.mentalworks.me\/nl\/wp-json\/wp\/v2\/types\/page"}],"author":[{"embeddable":true,"href":"https:\/\/ccpoh-ot.mentalworks.me\/nl\/wp-json\/wp\/v2\/users\/1"}],"replies":[{"embeddable":true,"href":"https:\/\/ccpoh-ot.mentalworks.me\/nl\/wp-json\/wp\/v2\/comments?post=56"}],"version-history":[{"count":8,"href":"https:\/\/ccpoh-ot.mentalworks.me\/nl\/wp-json\/wp\/v2\/pages\/56\/revisions"}],"predecessor-version":[{"id":4434,"href":"https:\/\/ccpoh-ot.mentalworks.me\/nl\/wp-json\/wp\/v2\/pages\/56\/revisions\/4434"}],"up":[{"embeddable":true,"href":"https:\/\/ccpoh-ot.mentalworks.me\/nl\/wp-json\/wp\/v2\/pages\/52"}],"wp:featuredmedia":[{"embeddable":true,"href":"https:\/\/ccpoh-ot.mentalworks.me\/nl\/wp-json\/wp\/v2\/media\/2821"}],"wp:attachment":[{"href":"https:\/\/ccpoh-ot.mentalworks.me\/nl\/wp-json\/wp\/v2\/media?parent=56"}],"curies":[{"name":"wp","href":"https:\/\/api.w.org\/{rel}","templated":true}]}}