{"id":58,"date":"2025-06-12T16:47:55","date_gmt":"2025-06-12T15:47:55","guid":{"rendered":"https:\/\/ccpoh-ot.mentalworks.me\/?page_id=58"},"modified":"2025-09-29T09:32:19","modified_gmt":"2025-09-29T08:32:19","slug":"team-building","status":"publish","type":"page","link":"https:\/\/ccpoh-ot.mentalworks.me\/en\/groupes\/team-building\/","title":{"rendered":"Team building"},"content":{"rendered":"<h2 class=\"wp-block-heading\"><strong>S\u00e9minaires, r\u00e9unions, coh\u00e9sion d\u2019\u00e9quipe<\/strong><\/h2>\n\n\n\n<p><strong>Une journ\u00e9e sur-mesure \u00e0 l\u2019image de votre entreprise et de votre \u00e9quipe<br><\/strong>L\u2019office de tourisme des Pays d\u2019Oise et d\u2019Halatte vous invite \u00e0 d\u00e9couvrir un territoire au caract\u00e8re authentique, aux portes de la capitale et au sud de la r\u00e9gion Hauts-de-France.<\/p>\n\n\n\n<p>Que vous soyez \u00e0 la recherche d&rsquo;un cadre professionnel in\u00e9dit ou d&rsquo;une exp\u00e9rience immersive pour renforcer la coh\u00e9sion de vos \u00e9quipes, nous vous proposons une journ\u00e9e cl\u00e9-en-main adapt\u00e9e \u00e0 vos besoins : lieu de r\u00e9union, d\u00e9jeuner et activit\u00e9.<\/p>\n\n\n<div   style=\"--mw-container-border-top-thickness: 0px; --mw-container-border-right-thickness: 0px; --mw-container-border-bottom-thickness: 0px; --mw-container-border-left-thickness: 0px;\" class=\"mw-container mw-container__full mw-container__bg-none mw-container__flex mw-container__items-start mw-container__justify-start mw-container__flex-row mw-container__flex-wrap mw-container__mt--spacing-none mw-container__mb--spacing-none mw-container__pt--spacing-none mw-container__pb--spacing-none mw-container__gap-x--spacing-none mw-container__gap-y--spacing-none mw-container__border--none mw-container__shadow-none mw-container__radius-none md-mw-container__full md-mw-container__flex md-mw-container__flex-row md-mw-container__items-start md-mw-container__justify-start md-mw-container__flex-wrap md-mw-container__mt--spacing-none md-mw-container__mb--spacing-none md-mw-container__pt--spacing-none md-mw-container__pb--spacing-none md-mw-container__gap-x--spacing-none md-mw-container__gap-y--spacing-none md-mw-container__radius-none  sm-mw-container__full sm-mw-container__flex sm-mw-container__flex-row sm-mw-container__items-start sm-mw-container__justify-start sm-mw-container__flex-wrap sm-mw-container__mt--spacing-none sm-mw-container__mb--spacing-none sm-mw-container__pt--spacing-none sm-mw-container__pb--spacing-none sm-mw-container__gap-x--spacing-none sm-mw-container__gap-y--spacing-none sm-mw-container__radius-none\"   >\n\t\n<div class=\"mw-image-gallery\">\n\t\t\t\t\t<a href=\"https:\/\/ccpoh-ot.mentalworks.me\/en\/app\/uploads\/2025\/09\/team-building-1.jpg\/\" class=\"mw-image-gallery__link\">\n\t\t\t<figure class=\"mw-image-gallery__container\">\n\t\t\t\t<img loading=\"lazy\" decoding=\"async\" class=\"mw-image-gallery__thumbnail\" src=\"https:\/\/ccpoh-ot.mentalworks.me\/app\/uploads\/2025\/09\/team-building-1.jpg\" srcset=\"https:\/\/ccpoh-ot.mentalworks.me\/app\/uploads\/2025\/09\/team-building-1.jpg 1920w, https:\/\/ccpoh-ot.mentalworks.me\/app\/uploads\/2025\/09\/team-building-1-300x200.jpg 300w, https:\/\/ccpoh-ot.mentalworks.me\/app\/uploads\/2025\/09\/team-building-1-1024x683.jpg 1024w, https:\/\/ccpoh-ot.mentalworks.me\/app\/uploads\/2025\/09\/team-building-1-768x512.jpg 768w, https:\/\/ccpoh-ot.mentalworks.me\/app\/uploads\/2025\/09\/team-building-1-1536x1024.jpg 1536w\" sizes=\"auto, (max-width: 1920px) 100vw, 1920px\" alt=\"\" width=\"1920\" height=\"1280\"\/>\n\t\t\t<\/figure>\n\t\t<\/a>\n\t\t\t\t\t<a href=\"https:\/\/ccpoh-ot.mentalworks.me\/en\/app\/uploads\/2025\/09\/team-building-2.jpg\/\" class=\"mw-image-gallery__link\">\n\t\t\t<figure class=\"mw-image-gallery__container\">\n\t\t\t\t<img loading=\"lazy\" decoding=\"async\" class=\"mw-image-gallery__thumbnail\" src=\"https:\/\/ccpoh-ot.mentalworks.me\/app\/uploads\/2025\/09\/team-building-2.jpg\" srcset=\"https:\/\/ccpoh-ot.mentalworks.me\/app\/uploads\/2025\/09\/team-building-2.jpg 664w, https:\/\/ccpoh-ot.mentalworks.me\/app\/uploads\/2025\/09\/team-building-2-184x300.jpg 184w, https:\/\/ccpoh-ot.mentalworks.me\/app\/uploads\/2025\/09\/team-building-2-630x1024.jpg 630w\" sizes=\"auto, (max-width: 664px) 100vw, 664px\" alt=\"\" width=\"664\" height=\"1080\"\/>\n\t\t\t<\/figure>\n\t\t<\/a>\n\t\t\t\t\t<a href=\"https:\/\/ccpoh-ot.mentalworks.me\/en\/app\/uploads\/2025\/09\/team-building-3.jpg\/\" class=\"mw-image-gallery__link\">\n\t\t\t<figure class=\"mw-image-gallery__container\">\n\t\t\t\t<img loading=\"lazy\" decoding=\"async\" class=\"mw-image-gallery__thumbnail\" src=\"https:\/\/ccpoh-ot.mentalworks.me\/app\/uploads\/2025\/09\/team-building-3.jpg\" srcset=\"https:\/\/ccpoh-ot.mentalworks.me\/app\/uploads\/2025\/09\/team-building-3.jpg 828w, https:\/\/ccpoh-ot.mentalworks.me\/app\/uploads\/2025\/09\/team-building-3-300x225.jpg 300w, https:\/\/ccpoh-ot.mentalworks.me\/app\/uploads\/2025\/09\/team-building-3-768x577.jpg 768w\" sizes=\"auto, (max-width: 828px) 100vw, 828px\" alt=\"\" width=\"828\" height=\"622\"\/>\n\t\t\t<\/figure>\n\t\t<\/a>\n\t\t\t\t\t<a href=\"https:\/\/ccpoh-ot.mentalworks.me\/en\/app\/uploads\/2025\/09\/team-building-4.png\/\" class=\"mw-image-gallery__link\">\n\t\t\t<figure class=\"mw-image-gallery__container\">\n\t\t\t\t<img loading=\"lazy\" decoding=\"async\" class=\"mw-image-gallery__thumbnail\" src=\"https:\/\/ccpoh-ot.mentalworks.me\/app\/uploads\/2025\/09\/team-building-4.png\" srcset=\"https:\/\/ccpoh-ot.mentalworks.me\/app\/uploads\/2025\/09\/team-building-4.png 522w, https:\/\/ccpoh-ot.mentalworks.me\/app\/uploads\/2025\/09\/team-building-4-300x170.png 300w\" sizes=\"auto, (max-width: 522px) 100vw, 522px\" alt=\"\" width=\"522\" height=\"295\"\/>\n\t\t\t<\/figure>\n\t\t<\/a>\n\t\t\t\t\t<a href=\"https:\/\/ccpoh-ot.mentalworks.me\/en\/app\/uploads\/2025\/09\/team-building-5.jpg\/\" class=\"mw-image-gallery__link\">\n\t\t\t<figure class=\"mw-image-gallery__container\">\n\t\t\t\t<img loading=\"lazy\" decoding=\"async\" class=\"mw-image-gallery__thumbnail\" src=\"https:\/\/ccpoh-ot.mentalworks.me\/app\/uploads\/2025\/09\/team-building-5.jpg\" srcset=\"https:\/\/ccpoh-ot.mentalworks.me\/app\/uploads\/2025\/09\/team-building-5.jpg 1920w, https:\/\/ccpoh-ot.mentalworks.me\/app\/uploads\/2025\/09\/team-building-5-300x252.jpg 300w, https:\/\/ccpoh-ot.mentalworks.me\/app\/uploads\/2025\/09\/team-building-5-1024x861.jpg 1024w, https:\/\/ccpoh-ot.mentalworks.me\/app\/uploads\/2025\/09\/team-building-5-768x646.jpg 768w, https:\/\/ccpoh-ot.mentalworks.me\/app\/uploads\/2025\/09\/team-building-5-1536x1292.jpg 1536w\" sizes=\"auto, (max-width: 1920px) 100vw, 1920px\" alt=\"\" width=\"1920\" height=\"1615\"\/>\n\t\t\t<\/figure>\n\t\t<\/a>\n\t\t\t\t\t<a href=\"https:\/\/ccpoh-ot.mentalworks.me\/en\/app\/uploads\/2025\/09\/team-building-6.jpg\/\" class=\"mw-image-gallery__link\">\n\t\t\t<figure class=\"mw-image-gallery__container\">\n\t\t\t\t<img loading=\"lazy\" decoding=\"async\" class=\"mw-image-gallery__thumbnail\" src=\"https:\/\/ccpoh-ot.mentalworks.me\/app\/uploads\/2025\/09\/team-building-6.jpg\" srcset=\"https:\/\/ccpoh-ot.mentalworks.me\/app\/uploads\/2025\/09\/team-building-6.jpg 1920w, https:\/\/ccpoh-ot.mentalworks.me\/app\/uploads\/2025\/09\/team-building-6-300x225.jpg 300w, https:\/\/ccpoh-ot.mentalworks.me\/app\/uploads\/2025\/09\/team-building-6-1024x768.jpg 1024w, https:\/\/ccpoh-ot.mentalworks.me\/app\/uploads\/2025\/09\/team-building-6-768x576.jpg 768w, https:\/\/ccpoh-ot.mentalworks.me\/app\/uploads\/2025\/09\/team-building-6-1536x1152.jpg 1536w\" sizes=\"auto, (max-width: 1920px) 100vw, 1920px\" alt=\"\" width=\"1920\" height=\"1440\"\/>\n\t\t\t<\/figure>\n\t\t<\/a>\n\t<\/div>\n\n\n\n<\/div>\n\n\n\n<p>Contactez notre charg\u00e9e de commercialisation, qui vous accompagnera d\u00e8s l\u2019organisation de votre journ\u00e9e personnalis\u00e9e jusqu\u2019au jour J pour garantir le succ\u00e8s de votre projet.<\/p>","protected":false},"excerpt":{"rendered":"<p>S\u00e9minaires, r\u00e9unions, coh\u00e9sion d\u2019\u00e9quipe Une journ\u00e9e sur-mesure \u00e0 l\u2019image de votre entreprise et de votre \u00e9quipeL\u2019office de tourisme des Pays d\u2019Oise et d\u2019Halatte vous invite \u00e0 d\u00e9couvrir un territoire au caract\u00e8re authentique, aux portes de la capitale et au sud de la r\u00e9gion Hauts-de-France. Que vous soyez \u00e0 la recherche d&rsquo;un cadre professionnel in\u00e9dit ou [&hellip;]<\/p>","protected":false},"author":1,"featured_media":4430,"parent":52,"menu_order":28,"comment_status":"closed","ping_status":"closed","template":"","meta":{"_acf_changed":false,"_relevanssi_hide_post":"","_relevanssi_hide_content":"","_relevanssi_pin_for_all":"","_relevanssi_pin_keywords":"","_relevanssi_unpin_keywords":"","_relevanssi_related_keywords":"","_relevanssi_related_include_ids":"","_relevanssi_related_exclude_ids":"","_relevanssi_related_no_append":"","_relevanssi_related_not_related":"","_relevanssi_related_posts":"","_relevanssi_noindex_reason":"","inline_featured_image":false,"footnotes":""},"class_list":["post-58","page","type-page","status-publish","has-post-thumbnail","hentry"],"acf":[],"_links":{"self":[{"href":"https:\/\/ccpoh-ot.mentalworks.me\/en\/wp-json\/wp\/v2\/pages\/58","targetHints":{"allow":["GET"]}}],"collection":[{"href":"https:\/\/ccpoh-ot.mentalworks.me\/en\/wp-json\/wp\/v2\/pages"}],"about":[{"href":"https:\/\/ccpoh-ot.mentalworks.me\/en\/wp-json\/wp\/v2\/types\/page"}],"author":[{"embeddable":true,"href":"https:\/\/ccpoh-ot.mentalworks.me\/en\/wp-json\/wp\/v2\/users\/1"}],"replies":[{"embeddable":true,"href":"https:\/\/ccpoh-ot.mentalworks.me\/en\/wp-json\/wp\/v2\/comments?post=58"}],"version-history":[{"count":18,"href":"https:\/\/ccpoh-ot.mentalworks.me\/en\/wp-json\/wp\/v2\/pages\/58\/revisions"}],"predecessor-version":[{"id":4603,"href":"https:\/\/ccpoh-ot.mentalworks.me\/en\/wp-json\/wp\/v2\/pages\/58\/revisions\/4603"}],"up":[{"embeddable":true,"href":"https:\/\/ccpoh-ot.mentalworks.me\/en\/wp-json\/wp\/v2\/pages\/52"}],"wp:featuredmedia":[{"embeddable":true,"href":"https:\/\/ccpoh-ot.mentalworks.me\/en\/wp-json\/wp\/v2\/media\/4430"}],"wp:attachment":[{"href":"https:\/\/ccpoh-ot.mentalworks.me\/en\/wp-json\/wp\/v2\/media?parent=58"}],"curies":[{"name":"wp","href":"https:\/\/api.w.org\/{rel}","templated":true}]}}