{"id":1166,"date":"2025-08-27T11:43:39","date_gmt":"2025-08-27T10:43:39","guid":{"rendered":"https:\/\/ccpoh-ot.mentalworks.me\/?page_id=1166"},"modified":"2025-09-10T14:19:23","modified_gmt":"2025-09-10T13:19:23","slug":"leau-au-coeur-du-territoire","status":"publish","type":"page","link":"https:\/\/ccpoh-ot.mentalworks.me\/en\/explorer\/nature\/leau-au-coeur-du-territoire\/","title":{"rendered":"L&rsquo;eau au c\u0153ur du territoire"},"content":{"rendered":"<p>L&rsquo;Oise prend sa source en Belgique pr\u00e8s de Chimay avant de se jeter, 330 kilom\u00e8tres plus loin, dans la Seine \u00e0 Conflans-Sainte-Honorine. Elle traverse les Pays d\u2019Oise et d\u2019Halatte sur 18 kilom\u00e8tres et fa\u00e7onne les paysages en alimentant la soixantaine d\u2019\u00e9tangs qui la bordent. Ces plans d\u2019eau \u00e9taient auparavant d\u2019anciennes gravi\u00e8res aujourd\u2019hui reconverties pour des activit\u00e9s de loisirs comme la p\u00eache, la chasse au gibier d\u2019eau et les sports nautiques. On y retrouve \u00e9galement les pistes cyclables de l\u2019Eurov\u00e9lo3 et la London-Paris mais aussi la R\u00e9serve \u00e9cologique de l\u2019Ois&rsquo;eau<strong>. <\/strong>Vous pourrez y observer les oiseaux de la r\u00e9serve sans les d\u00e9ranger gr\u00e2ce aux diff\u00e9rents observatoires am\u00e9nag\u00e9s le long du parcours.<\/p>\n\n\n\n<p>L\u2019activit\u00e9 fluviale a toujours \u00e9t\u00e9 tr\u00e8s intense sur l\u2019Oise.<br>Auparavant, la ville de Pont-Sainte-Maxence poss\u00e9dait un port en amont du pont. Il servait au transport de marchandises, notamment le bl\u00e9 et le vin. Il y avait \u00e9galement en aval un port \u00e0 bois (rive droite) et un port \u00e0 sable (rive gauche). Ce sable provenait de Fleurines et \u00e9tait achemin\u00e9 par petit train le long de la route nationale.<br>Aujourd\u2019hui, le dernier port de commerce en activit\u00e9 est principalement c\u00e9r\u00e9alier.<\/p>\n\n\n<div class=\"mw-image\">\n    <img loading=\"lazy\" decoding=\"async\" class=\"\" src=\"https:\/\/ccpoh-ot.mentalworks.me\/app\/uploads\/2025\/09\/eau-coeur-territoire-1.jpg\" srcset=\"https:\/\/ccpoh-ot.mentalworks.me\/app\/uploads\/2025\/09\/eau-coeur-territoire-1.jpg 1920w, https:\/\/ccpoh-ot.mentalworks.me\/app\/uploads\/2025\/09\/eau-coeur-territoire-1-300x200.jpg 300w, https:\/\/ccpoh-ot.mentalworks.me\/app\/uploads\/2025\/09\/eau-coeur-territoire-1-1024x683.jpg 1024w, https:\/\/ccpoh-ot.mentalworks.me\/app\/uploads\/2025\/09\/eau-coeur-territoire-1-768x512.jpg 768w, https:\/\/ccpoh-ot.mentalworks.me\/app\/uploads\/2025\/09\/eau-coeur-territoire-1-1536x1024.jpg 1536w\"\n         sizes=\"auto, (max-width: 1920px) 100vw, 1920px\" alt=\"\" width=\"1920\"\n         height=\"1280\"\/>\n<\/div>\n\n\n<p>Les p\u00e9niches commerciales et autres embarcations de croisi\u00e8res ou de loisirs parcourent l\u2019Oise tout au long de l\u2019ann\u00e9e. Certaines font escale \u00e0 Pont-Sainte-Maxence \u00e0 proximit\u00e9 de l\u2019\u00e9cluse et du barrage ainsi qu&rsquo;\u00e0 la halte fluviale (place Palteau) ou \u00e0 Verneuil-en-Halatte \u00e0 proximit\u00e9 de la passerelle Biondi.<br><\/p>","protected":false},"excerpt":{"rendered":"<p>L&rsquo;Oise prend sa source en Belgique pr\u00e8s de Chimay avant de se jeter, 330 kilom\u00e8tres plus loin, dans la Seine \u00e0 Conflans-Sainte-Honorine. Elle traverse les Pays d\u2019Oise et d\u2019Halatte sur 18 kilom\u00e8tres et fa\u00e7onne les paysages en alimentant la soixantaine d\u2019\u00e9tangs qui la bordent. Ces plans d\u2019eau \u00e9taient auparavant d\u2019anciennes gravi\u00e8res aujourd\u2019hui reconverties pour des [&hellip;]<\/p>","protected":false},"author":2,"featured_media":1486,"parent":30,"menu_order":14,"comment_status":"closed","ping_status":"closed","template":"wp-custom-template-page-pleine-largeur","meta":{"_acf_changed":false,"_relevanssi_hide_post":"","_relevanssi_hide_content":"","_relevanssi_pin_for_all":"","_relevanssi_pin_keywords":"","_relevanssi_unpin_keywords":"","_relevanssi_related_keywords":"","_relevanssi_related_include_ids":"","_relevanssi_related_exclude_ids":"","_relevanssi_related_no_append":"","_relevanssi_related_not_related":"","_relevanssi_related_posts":"","_relevanssi_noindex_reason":"","inline_featured_image":false,"footnotes":""},"class_list":["post-1166","page","type-page","status-publish","has-post-thumbnail","hentry"],"acf":[],"_links":{"self":[{"href":"https:\/\/ccpoh-ot.mentalworks.me\/en\/wp-json\/wp\/v2\/pages\/1166","targetHints":{"allow":["GET"]}}],"collection":[{"href":"https:\/\/ccpoh-ot.mentalworks.me\/en\/wp-json\/wp\/v2\/pages"}],"about":[{"href":"https:\/\/ccpoh-ot.mentalworks.me\/en\/wp-json\/wp\/v2\/types\/page"}],"author":[{"embeddable":true,"href":"https:\/\/ccpoh-ot.mentalworks.me\/en\/wp-json\/wp\/v2\/users\/2"}],"replies":[{"embeddable":true,"href":"https:\/\/ccpoh-ot.mentalworks.me\/en\/wp-json\/wp\/v2\/comments?post=1166"}],"version-history":[{"count":2,"href":"https:\/\/ccpoh-ot.mentalworks.me\/en\/wp-json\/wp\/v2\/pages\/1166\/revisions"}],"predecessor-version":[{"id":1488,"href":"https:\/\/ccpoh-ot.mentalworks.me\/en\/wp-json\/wp\/v2\/pages\/1166\/revisions\/1488"}],"up":[{"embeddable":true,"href":"https:\/\/ccpoh-ot.mentalworks.me\/en\/wp-json\/wp\/v2\/pages\/30"}],"wp:featuredmedia":[{"embeddable":true,"href":"https:\/\/ccpoh-ot.mentalworks.me\/en\/wp-json\/wp\/v2\/media\/1486"}],"wp:attachment":[{"href":"https:\/\/ccpoh-ot.mentalworks.me\/en\/wp-json\/wp\/v2\/media?parent=1166"}],"curies":[{"name":"wp","href":"https:\/\/api.w.org\/{rel}","templated":true}]}}