{"id":54,"date":"2025-06-12T16:47:00","date_gmt":"2025-06-12T15:47:00","guid":{"rendered":"https:\/\/ccpoh-ot.mentalworks.me\/?page_id=54"},"modified":"2025-09-25T15:42:45","modified_gmt":"2025-09-25T14:42:45","slug":"groupe-adultes","status":"publish","type":"page","link":"https:\/\/ccpoh-ot.mentalworks.me\/de\/groupes\/groupe-adultes\/","title":{"rendered":"Gruppen Erwachsene"},"content":{"rendered":"<p><strong>Vous \u00eates \u00e0 la recherche d\u2019une activit\u00e9 agr\u00e9able et d\u00e9paysante pour votre groupe <\/strong>?<\/p>\n\n\n\n<p>L\u2019\u00e9quipe de l\u2019office de tourisme des Pays d\u2019Oise et d\u2019Halatte a le plaisir de vous pr\u00e9senter sa brochure d\u2019activit\u00e9s d\u00e9di\u00e9es aux groupes pour l\u2019ann\u00e9e 2025.<\/p>\n\n\n\n<p>De nombreuses possibilit\u00e9s de visites s\u2019offrent \u00e0 vous entre nature pr\u00e9serv\u00e9e aux paysages vari\u00e9s (for\u00eat, rivi\u00e8re, marais et \u00e9tangs), savoir-faire local et patrimoine riche pour une balade traditionnelle ou insolite.<\/p>\n\n\n\n<p>Des circuits th\u00e9matiques vous sont propos\u00e9s mais comme nous savons que chaque groupe a des envies et des besoins diff\u00e9rents, nous nous effor\u00e7ons d\u2019y r\u00e9pondre au mieux avec une offre modulable comme vous l\u2019entendez.<\/p>\n\n\n<div class=\"mw-image\">\n    <img loading=\"lazy\" decoding=\"async\" class=\"\" src=\"https:\/\/ccpoh-ot.mentalworks.me\/app\/uploads\/2025\/09\/4.1-redimensionne.jpg\" srcset=\"https:\/\/ccpoh-ot.mentalworks.me\/app\/uploads\/2025\/09\/4.1-redimensionne.jpg 1440w, https:\/\/ccpoh-ot.mentalworks.me\/app\/uploads\/2025\/09\/4.1-redimensionne-300x225.jpg 300w, https:\/\/ccpoh-ot.mentalworks.me\/app\/uploads\/2025\/09\/4.1-redimensionne-1024x768.jpg 1024w, https:\/\/ccpoh-ot.mentalworks.me\/app\/uploads\/2025\/09\/4.1-redimensionne-768x576.jpg 768w\"\n         sizes=\"auto, (max-width: 1440px) 100vw, 1440px\" alt=\"\" width=\"1440\"\n         height=\"1080\"\/>\n<\/div>\n\n\n<p>Pour vous aider \u00e0 <strong>organiser et programmer votre journ\u00e9e<\/strong>, n\u2019h\u00e9sitez pas \u00e0 contacter notre charg\u00e9e de commercialisation pour lui faire part de vos envies, elle vous conseillera en fonction de vos besoins et de votre budget.<\/p>","protected":false},"excerpt":{"rendered":"<p>Vous \u00eates \u00e0 la recherche d\u2019une activit\u00e9 agr\u00e9able et d\u00e9paysante pour votre groupe ? L\u2019\u00e9quipe de l\u2019office de tourisme des Pays d\u2019Oise et d\u2019Halatte a le plaisir de vous pr\u00e9senter sa brochure d\u2019activit\u00e9s d\u00e9di\u00e9es aux groupes pour l\u2019ann\u00e9e 2025. De nombreuses possibilit\u00e9s de visites s\u2019offrent \u00e0 vous entre nature pr\u00e9serv\u00e9e aux paysages vari\u00e9s (for\u00eat, rivi\u00e8re, [&hellip;]<\/p>","protected":false},"author":1,"featured_media":2833,"parent":52,"menu_order":26,"comment_status":"closed","ping_status":"closed","template":"","meta":{"_acf_changed":false,"_relevanssi_hide_post":"","_relevanssi_hide_content":"","_relevanssi_pin_for_all":"","_relevanssi_pin_keywords":"","_relevanssi_unpin_keywords":"","_relevanssi_related_keywords":"","_relevanssi_related_include_ids":"","_relevanssi_related_exclude_ids":"","_relevanssi_related_no_append":"","_relevanssi_related_not_related":"","_relevanssi_related_posts":"","_relevanssi_noindex_reason":"","inline_featured_image":false,"footnotes":""},"class_list":["post-54","page","type-page","status-publish","has-post-thumbnail","hentry"],"acf":[],"_links":{"self":[{"href":"https:\/\/ccpoh-ot.mentalworks.me\/de\/wp-json\/wp\/v2\/pages\/54","targetHints":{"allow":["GET"]}}],"collection":[{"href":"https:\/\/ccpoh-ot.mentalworks.me\/de\/wp-json\/wp\/v2\/pages"}],"about":[{"href":"https:\/\/ccpoh-ot.mentalworks.me\/de\/wp-json\/wp\/v2\/types\/page"}],"author":[{"embeddable":true,"href":"https:\/\/ccpoh-ot.mentalworks.me\/de\/wp-json\/wp\/v2\/users\/1"}],"replies":[{"embeddable":true,"href":"https:\/\/ccpoh-ot.mentalworks.me\/de\/wp-json\/wp\/v2\/comments?post=54"}],"version-history":[{"count":12,"href":"https:\/\/ccpoh-ot.mentalworks.me\/de\/wp-json\/wp\/v2\/pages\/54\/revisions"}],"predecessor-version":[{"id":4433,"href":"https:\/\/ccpoh-ot.mentalworks.me\/de\/wp-json\/wp\/v2\/pages\/54\/revisions\/4433"}],"up":[{"embeddable":true,"href":"https:\/\/ccpoh-ot.mentalworks.me\/de\/wp-json\/wp\/v2\/pages\/52"}],"wp:featuredmedia":[{"embeddable":true,"href":"https:\/\/ccpoh-ot.mentalworks.me\/de\/wp-json\/wp\/v2\/media\/2833"}],"wp:attachment":[{"href":"https:\/\/ccpoh-ot.mentalworks.me\/de\/wp-json\/wp\/v2\/media?parent=54"}],"curies":[{"name":"wp","href":"https:\/\/api.w.org\/{rel}","templated":true}]}}