{"id":30,"date":"2025-06-12T16:40:08","date_gmt":"2025-06-12T15:40:08","guid":{"rendered":"https:\/\/ccpoh-ot.mentalworks.me\/?page_id=30"},"modified":"2025-09-10T14:20:20","modified_gmt":"2025-09-10T13:20:20","slug":"nature","status":"publish","type":"page","link":"https:\/\/ccpoh-ot.mentalworks.me\/de\/explorer\/nature\/","title":{"rendered":"Natur"},"content":{"rendered":"<div   style=\"--mw-container-border-top-thickness: 0px; --mw-container-border-right-thickness: 0px; --mw-container-border-bottom-thickness: 0px; --mw-container-border-left-thickness: 0px;\" class=\"mw-container mw-container__full mw-container__bg-none mw-container__flex mw-container__items-start mw-container__justify-start mw-container__flex-column mw-container__flex-nowrap mw-container__mt--spacing-none mw-container__mb--spacing-none mw-container__pt--spacing-none mw-container__pb--spacing-none mw-container__gap-x--spacing-none mw-container__gap-y--spacing-5xl mw-container__border--none mw-container__shadow-none mw-container__radius-none md-mw-container__full md-mw-container__flex md-mw-container__flex-row md-mw-container__items-start md-mw-container__justify-start md-mw-container__flex-wrap md-mw-container__mt--spacing-none md-mw-container__mb--spacing-none md-mw-container__pt--spacing-none md-mw-container__pb--spacing-none md-mw-container__gap-x--spacing-none md-mw-container__gap-y--spacing-none md-mw-container__radius-none  sm-mw-container__full sm-mw-container__flex sm-mw-container__flex-row sm-mw-container__items-start sm-mw-container__justify-start sm-mw-container__flex-wrap sm-mw-container__mt--spacing-none sm-mw-container__mb--spacing-none sm-mw-container__pt--spacing-none sm-mw-container__pb--spacing-none sm-mw-container__gap-x--spacing-none sm-mw-container__gap-y--spacing-none sm-mw-container__radius-none  typo__absolute\"   >\n\t\n<div   style=\"--mw-container-border-top-thickness: 0px; --mw-container-border-right-thickness: 0px; --mw-container-border-bottom-thickness: 0px; --mw-container-border-left-thickness: 0px;\" class=\"mw-container mw-container__full mw-container__bg-none mw-container__flex mw-container__items-start mw-container__justify-start mw-container__flex-column mw-container__flex-nowrap mw-container__mt--spacing-none mw-container__mb--spacing-none mw-container__pt--spacing-none mw-container__pb--spacing-none mw-container__gap-x--spacing-none mw-container__gap-y--spacing-lg mw-container__border--none mw-container__shadow-none mw-container__radius-none md-mw-container__full md-mw-container__flex md-mw-container__flex-row md-mw-container__items-start md-mw-container__justify-start md-mw-container__flex-wrap md-mw-container__mt--spacing-none md-mw-container__mb--spacing-none md-mw-container__pt--spacing-none md-mw-container__pb--spacing-none md-mw-container__gap-x--spacing-none md-mw-container__gap-y--spacing-none md-mw-container__radius-none  sm-mw-container__full sm-mw-container__flex sm-mw-container__flex-row sm-mw-container__items-start sm-mw-container__justify-start sm-mw-container__flex-wrap sm-mw-container__mt--spacing-none sm-mw-container__mb--spacing-none sm-mw-container__pt--spacing-none sm-mw-container__pb--spacing-none sm-mw-container__gap-x--spacing-none sm-mw-container__gap-y--spacing-none sm-mw-container__radius-none\"   >\n\t\n<p class=\"mw-typography mw-typography__text-left mw-typography-font--text mw-typography-style--normal mw-typography-weight--600 mw-typography-color--body-900 mw-typography-size--text--xl\">Immersion en Pays d&rsquo;Oise et d&rsquo;Halatte<\/p>\n\n<div   style=\"--mw-container-border-top-thickness: 0px; --mw-container-border-right-thickness: 0px; --mw-container-border-bottom-thickness: 0px; --mw-container-border-left-thickness: 0px;\" class=\"mw-container mw-container__full mw-container__bg-none mw-container__flex mw-container__items-start mw-container__justify-start mw-container__flex-column mw-container__flex-nowrap mw-container__mt--spacing-none mw-container__mb--spacing-none mw-container__pt--spacing-none mw-container__pb--spacing-none mw-container__gap-x--spacing-none mw-container__gap-y--spacing-none mw-container__border--none mw-container__shadow-none mw-container__radius-none md-mw-container__full md-mw-container__flex md-mw-container__flex-row md-mw-container__items-start md-mw-container__justify-start md-mw-container__flex-wrap md-mw-container__mt--spacing-none md-mw-container__mb--spacing-none md-mw-container__pt--spacing-none md-mw-container__pb--spacing-none md-mw-container__gap-x--spacing-none md-mw-container__gap-y--spacing-none md-mw-container__radius-none  sm-mw-container__full sm-mw-container__flex sm-mw-container__flex-row sm-mw-container__items-start sm-mw-container__justify-start sm-mw-container__flex-wrap sm-mw-container__mt--spacing-none sm-mw-container__mb--spacing-none sm-mw-container__pt--spacing-none sm-mw-container__pb--spacing-none sm-mw-container__gap-x--spacing-none sm-mw-container__gap-y--spacing-none sm-mw-container__radius-none\"   >\n\t\n\n<p>Profitez des joyaux naturels que vous offre notre territoire. Vous serez transport\u00e9 au fil de l&rsquo;eau vers des escales charmantes, des r\u00e9serves \u00e9cologiques et une for\u00eat domaniale multis\u00e9culaire.<\/p>\n\n\n<\/div>\n\n\n<\/div>\n\n\n\n<div class=\"wp-block-query hub swiper is-layout-flow wp-block-query-is-layout-flow\"><ul class=\"hub__wrapper swiper-wrapper wp-block-post-template is-layout-flow wp-block-post-template-is-layout-flow\"><li class=\"wp-block-post post-1160 page type-page status-publish has-post-thumbnail hentry\">\n\n\t<a href=\"https:\/\/ccpoh-ot.mentalworks.me\/de\/explorer\/nature\/les-marais-de-sacy\/\" class=\"link__container\">\n<div   style=\"--mw-container-border-top-thickness: 0px; --mw-container-border-right-thickness: 0px; --mw-container-border-bottom-thickness: 0px; --mw-container-border-left-thickness: 0px;\" class=\"mw-container mw-container__full mw-container__bg-none mw-container__flex mw-container__items-center mw-container__justify-start mw-container__flex-row mw-container__flex-wrap mw-container__mt--spacing-none mw-container__mb--spacing-none mw-container__pt--spacing-lg mw-container__pb--spacing-xl mw-container__gap-x--spacing-none mw-container__gap-y--spacing-2xl mw-container__border--none mw-container__shadow-none mw-container__radius-none mw-container__pr--spacing-lg mw-container__pl--spacing-lg md-mw-container__full md-mw-container__flex md-mw-container__flex-row md-mw-container__items-start md-mw-container__justify-start md-mw-container__flex-wrap md-mw-container__mt--spacing-none md-mw-container__mb--spacing-none md-mw-container__pt--spacing-none md-mw-container__pb--spacing-none md-mw-container__gap-x--spacing-none md-mw-container__gap-y--spacing-none md-mw-container__radius-none  sm-mw-container__full sm-mw-container__flex sm-mw-container__flex-row sm-mw-container__items-start sm-mw-container__justify-start sm-mw-container__flex-wrap sm-mw-container__mt--spacing-none sm-mw-container__mb--spacing-none sm-mw-container__pt--spacing-none sm-mw-container__pb--spacing-none sm-mw-container__gap-x--spacing-none sm-mw-container__gap-y--spacing-none sm-mw-container__radius-none\"   >\n\t\n<p class=\"mw-typography mw-typography__text-left mw-typography-font--display mw-typography-style--normal mw-typography-weight--500 mw-typography-color--body-900 mw-typography-size--display--sm mw-card__title\">Die S\u00fcmpfe von Sacy<\/p>\n\n<div class=\"mw-image\">\n    <img loading=\"lazy\" decoding=\"async\" class=\"\" src=\"https:\/\/ccpoh-ot.mentalworks.me\/app\/uploads\/2025\/09\/marais-sacy.jpg\" srcset=\"https:\/\/ccpoh-ot.mentalworks.me\/app\/uploads\/2025\/09\/marais-sacy.jpg 1920w, https:\/\/ccpoh-ot.mentalworks.me\/app\/uploads\/2025\/09\/marais-sacy-300x168.jpg 300w, https:\/\/ccpoh-ot.mentalworks.me\/app\/uploads\/2025\/09\/marais-sacy-1024x575.jpg 1024w, https:\/\/ccpoh-ot.mentalworks.me\/app\/uploads\/2025\/09\/marais-sacy-768x431.jpg 768w, https:\/\/ccpoh-ot.mentalworks.me\/app\/uploads\/2025\/09\/marais-sacy-1536x862.jpg 1536w\"\n         sizes=\"auto, (max-width: 1920px) 100vw, 1920px\" alt=\"\" width=\"1920\"\n         height=\"1078\"\/>\n<\/div>\n\n<div   style=\"--mw-container-border-top-thickness: 0px; --mw-container-border-right-thickness: 0px; --mw-container-border-bottom-thickness: 1px; --mw-container-border-left-thickness: 0px;\" class=\"mw-container mw-container__full mw-container__bg-none mw-container__flex mw-container__items-center mw-container__justify-end mw-container__flex-row mw-container__flex-nowrap mw-container__mt--spacing-none mw-container__mb--spacing-none mw-container__pt--spacing-none mw-container__pb--spacing-none mw-container__gap-x--spacing-xs mw-container__gap-y--spacing-none mw-container__border--primary-600 mw-container__shadow-none mw-container__radius-none md-mw-container__full md-mw-container__flex md-mw-container__flex-row md-mw-container__items-start md-mw-container__justify-start md-mw-container__flex-wrap md-mw-container__mt--spacing-none md-mw-container__mb--spacing-none md-mw-container__pt--spacing-none md-mw-container__pb--spacing-none md-mw-container__gap-x--spacing-none md-mw-container__gap-y--spacing-none md-mw-container__radius-none  sm-mw-container__full sm-mw-container__flex sm-mw-container__flex-row sm-mw-container__items-start sm-mw-container__justify-start sm-mw-container__flex-wrap sm-mw-container__mt--spacing-none sm-mw-container__mb--spacing-none sm-mw-container__pt--spacing-none sm-mw-container__pb--spacing-none sm-mw-container__gap-x--spacing-none sm-mw-container__gap-y--spacing-none sm-mw-container__radius-none  hub__action\"   >\n\t\n<p class=\"mw-typography mw-typography__text-left mw-typography-font--text mw-typography-style--normal mw-typography-weight--400 mw-typography-color--body-900 mw-typography-size--text--md\">Mehr erfahren<\/p>\n\n    <div class=\"mw-icon\" style=\"--width:24px; --widthTablet:24px; --widthMobile:24px; --height:24px; --heightTablet:24px; --heightMobile:24px; --stroke-color:rgb(var(--color-primary-600)); --fill-color:rgb(var(--color-primary-600));\">\n                    <svg width=\"24\" height=\"24\" viewbox=\"0 0 24 24\" fill=\"none\" xmlns=\"http:\/\/www.w3.org\/2000\/svg\">\n<path d=\"M7 17L17 7M17 7H7M17 7V17\" stroke=\"black\" stroke-width=\"2\" stroke-linecap=\"round\" stroke-linejoin=\"round\"\/>\n<\/svg>\n\n            <\/div>\n\n\n<\/div>\n\n\n<\/div>\n\n<\/a>\n\n<\/li><li class=\"wp-block-post post-1163 page type-page status-publish has-post-thumbnail hentry\">\n\n\t<a href=\"https:\/\/ccpoh-ot.mentalworks.me\/de\/explorer\/nature\/la-foret-dhalatte-et-ses-monts\/\" class=\"link__container\">\n<div   style=\"--mw-container-border-top-thickness: 0px; --mw-container-border-right-thickness: 0px; --mw-container-border-bottom-thickness: 0px; --mw-container-border-left-thickness: 0px;\" class=\"mw-container mw-container__full mw-container__bg-none mw-container__flex mw-container__items-center mw-container__justify-start mw-container__flex-row mw-container__flex-wrap mw-container__mt--spacing-none mw-container__mb--spacing-none mw-container__pt--spacing-lg mw-container__pb--spacing-xl mw-container__gap-x--spacing-none mw-container__gap-y--spacing-2xl mw-container__border--none mw-container__shadow-none mw-container__radius-none mw-container__pr--spacing-lg mw-container__pl--spacing-lg md-mw-container__full md-mw-container__flex md-mw-container__flex-row md-mw-container__items-start md-mw-container__justify-start md-mw-container__flex-wrap md-mw-container__mt--spacing-none md-mw-container__mb--spacing-none md-mw-container__pt--spacing-none md-mw-container__pb--spacing-none md-mw-container__gap-x--spacing-none md-mw-container__gap-y--spacing-none md-mw-container__radius-none  sm-mw-container__full sm-mw-container__flex sm-mw-container__flex-row sm-mw-container__items-start sm-mw-container__justify-start sm-mw-container__flex-wrap sm-mw-container__mt--spacing-none sm-mw-container__mb--spacing-none sm-mw-container__pt--spacing-none sm-mw-container__pb--spacing-none sm-mw-container__gap-x--spacing-none sm-mw-container__gap-y--spacing-none sm-mw-container__radius-none\"   >\n\t\n<p class=\"mw-typography mw-typography__text-left mw-typography-font--display mw-typography-style--normal mw-typography-weight--500 mw-typography-color--body-900 mw-typography-size--display--sm mw-card__title\">La for\u00eat d&rsquo;Halatte et ses monts<\/p>\n\n<div class=\"mw-image\">\n    <img loading=\"lazy\" decoding=\"async\" class=\"\" src=\"https:\/\/ccpoh-ot.mentalworks.me\/app\/uploads\/2025\/09\/foret-halatte.jpg\" srcset=\"https:\/\/ccpoh-ot.mentalworks.me\/app\/uploads\/2025\/09\/foret-halatte.jpg 1080w, https:\/\/ccpoh-ot.mentalworks.me\/app\/uploads\/2025\/09\/foret-halatte-300x200.jpg 300w, https:\/\/ccpoh-ot.mentalworks.me\/app\/uploads\/2025\/09\/foret-halatte-1024x683.jpg 1024w, https:\/\/ccpoh-ot.mentalworks.me\/app\/uploads\/2025\/09\/foret-halatte-768x512.jpg 768w\"\n         sizes=\"auto, (max-width: 1080px) 100vw, 1080px\" alt=\"\" width=\"1080\"\n         height=\"720\"\/>\n<\/div>\n\n<div   style=\"--mw-container-border-top-thickness: 0px; --mw-container-border-right-thickness: 0px; --mw-container-border-bottom-thickness: 1px; --mw-container-border-left-thickness: 0px;\" class=\"mw-container mw-container__full mw-container__bg-none mw-container__flex mw-container__items-center mw-container__justify-end mw-container__flex-row mw-container__flex-nowrap mw-container__mt--spacing-none mw-container__mb--spacing-none mw-container__pt--spacing-none mw-container__pb--spacing-none mw-container__gap-x--spacing-xs mw-container__gap-y--spacing-none mw-container__border--primary-600 mw-container__shadow-none mw-container__radius-none md-mw-container__full md-mw-container__flex md-mw-container__flex-row md-mw-container__items-start md-mw-container__justify-start md-mw-container__flex-wrap md-mw-container__mt--spacing-none md-mw-container__mb--spacing-none md-mw-container__pt--spacing-none md-mw-container__pb--spacing-none md-mw-container__gap-x--spacing-none md-mw-container__gap-y--spacing-none md-mw-container__radius-none  sm-mw-container__full sm-mw-container__flex sm-mw-container__flex-row sm-mw-container__items-start sm-mw-container__justify-start sm-mw-container__flex-wrap sm-mw-container__mt--spacing-none sm-mw-container__mb--spacing-none sm-mw-container__pt--spacing-none sm-mw-container__pb--spacing-none sm-mw-container__gap-x--spacing-none sm-mw-container__gap-y--spacing-none sm-mw-container__radius-none  hub__action\"   >\n\t\n<p class=\"mw-typography mw-typography__text-left mw-typography-font--text mw-typography-style--normal mw-typography-weight--400 mw-typography-color--body-900 mw-typography-size--text--md\">Mehr erfahren<\/p>\n\n    <div class=\"mw-icon\" style=\"--width:24px; --widthTablet:24px; --widthMobile:24px; --height:24px; --heightTablet:24px; --heightMobile:24px; --stroke-color:rgb(var(--color-primary-600)); --fill-color:rgb(var(--color-primary-600));\">\n                    <svg width=\"24\" height=\"24\" viewbox=\"0 0 24 24\" fill=\"none\" xmlns=\"http:\/\/www.w3.org\/2000\/svg\">\n<path d=\"M7 17L17 7M17 7H7M17 7V17\" stroke=\"black\" stroke-width=\"2\" stroke-linecap=\"round\" stroke-linejoin=\"round\"\/>\n<\/svg>\n\n            <\/div>\n\n\n<\/div>\n\n\n<\/div>\n\n<\/a>\n\n<\/li><li class=\"wp-block-post post-1166 page type-page status-publish has-post-thumbnail hentry\">\n\n\t<a href=\"https:\/\/ccpoh-ot.mentalworks.me\/de\/explorer\/nature\/leau-au-coeur-du-territoire\/\" class=\"link__container\">\n<div   style=\"--mw-container-border-top-thickness: 0px; --mw-container-border-right-thickness: 0px; --mw-container-border-bottom-thickness: 0px; --mw-container-border-left-thickness: 0px;\" class=\"mw-container mw-container__full mw-container__bg-none mw-container__flex mw-container__items-center mw-container__justify-start mw-container__flex-row mw-container__flex-wrap mw-container__mt--spacing-none mw-container__mb--spacing-none mw-container__pt--spacing-lg mw-container__pb--spacing-xl mw-container__gap-x--spacing-none mw-container__gap-y--spacing-2xl mw-container__border--none mw-container__shadow-none mw-container__radius-none mw-container__pr--spacing-lg mw-container__pl--spacing-lg md-mw-container__full md-mw-container__flex md-mw-container__flex-row md-mw-container__items-start md-mw-container__justify-start md-mw-container__flex-wrap md-mw-container__mt--spacing-none md-mw-container__mb--spacing-none md-mw-container__pt--spacing-none md-mw-container__pb--spacing-none md-mw-container__gap-x--spacing-none md-mw-container__gap-y--spacing-none md-mw-container__radius-none  sm-mw-container__full sm-mw-container__flex sm-mw-container__flex-row sm-mw-container__items-start sm-mw-container__justify-start sm-mw-container__flex-wrap sm-mw-container__mt--spacing-none sm-mw-container__mb--spacing-none sm-mw-container__pt--spacing-none sm-mw-container__pb--spacing-none sm-mw-container__gap-x--spacing-none sm-mw-container__gap-y--spacing-none sm-mw-container__radius-none\"   >\n\t\n<p class=\"mw-typography mw-typography__text-left mw-typography-font--display mw-typography-style--normal mw-typography-weight--500 mw-typography-color--body-900 mw-typography-size--display--sm mw-card__title\">L&rsquo;eau au c\u0153ur du territoire<\/p>\n\n<div class=\"mw-image\">\n    <img loading=\"lazy\" decoding=\"async\" class=\"\" src=\"https:\/\/ccpoh-ot.mentalworks.me\/app\/uploads\/2025\/09\/eau-coeur-territoire.jpg\" srcset=\"https:\/\/ccpoh-ot.mentalworks.me\/app\/uploads\/2025\/09\/eau-coeur-territoire.jpg 1920w, https:\/\/ccpoh-ot.mentalworks.me\/app\/uploads\/2025\/09\/eau-coeur-territoire-300x200.jpg 300w, https:\/\/ccpoh-ot.mentalworks.me\/app\/uploads\/2025\/09\/eau-coeur-territoire-1024x683.jpg 1024w, https:\/\/ccpoh-ot.mentalworks.me\/app\/uploads\/2025\/09\/eau-coeur-territoire-768x512.jpg 768w, https:\/\/ccpoh-ot.mentalworks.me\/app\/uploads\/2025\/09\/eau-coeur-territoire-1536x1024.jpg 1536w\"\n         sizes=\"auto, (max-width: 1920px) 100vw, 1920px\" alt=\"\" width=\"1920\"\n         height=\"1280\"\/>\n<\/div>\n\n<div   style=\"--mw-container-border-top-thickness: 0px; --mw-container-border-right-thickness: 0px; --mw-container-border-bottom-thickness: 1px; --mw-container-border-left-thickness: 0px;\" class=\"mw-container mw-container__full mw-container__bg-none mw-container__flex mw-container__items-center mw-container__justify-end mw-container__flex-row mw-container__flex-nowrap mw-container__mt--spacing-none mw-container__mb--spacing-none mw-container__pt--spacing-none mw-container__pb--spacing-none mw-container__gap-x--spacing-xs mw-container__gap-y--spacing-none mw-container__border--primary-600 mw-container__shadow-none mw-container__radius-none md-mw-container__full md-mw-container__flex md-mw-container__flex-row md-mw-container__items-start md-mw-container__justify-start md-mw-container__flex-wrap md-mw-container__mt--spacing-none md-mw-container__mb--spacing-none md-mw-container__pt--spacing-none md-mw-container__pb--spacing-none md-mw-container__gap-x--spacing-none md-mw-container__gap-y--spacing-none md-mw-container__radius-none  sm-mw-container__full sm-mw-container__flex sm-mw-container__flex-row sm-mw-container__items-start sm-mw-container__justify-start sm-mw-container__flex-wrap sm-mw-container__mt--spacing-none sm-mw-container__mb--spacing-none sm-mw-container__pt--spacing-none sm-mw-container__pb--spacing-none sm-mw-container__gap-x--spacing-none sm-mw-container__gap-y--spacing-none sm-mw-container__radius-none  hub__action\"   >\n\t\n<p class=\"mw-typography mw-typography__text-left mw-typography-font--text mw-typography-style--normal mw-typography-weight--400 mw-typography-color--body-900 mw-typography-size--text--md\">Mehr erfahren<\/p>\n\n    <div class=\"mw-icon\" style=\"--width:24px; --widthTablet:24px; --widthMobile:24px; --height:24px; --heightTablet:24px; --heightMobile:24px; --stroke-color:rgb(var(--color-primary-600)); --fill-color:rgb(var(--color-primary-600));\">\n                    <svg width=\"24\" height=\"24\" viewbox=\"0 0 24 24\" fill=\"none\" xmlns=\"http:\/\/www.w3.org\/2000\/svg\">\n<path d=\"M7 17L17 7M17 7H7M17 7V17\" stroke=\"black\" stroke-width=\"2\" stroke-linecap=\"round\" stroke-linejoin=\"round\"\/>\n<\/svg>\n\n            <\/div>\n\n\n<\/div>\n\n\n<\/div>\n\n<\/a>\n\n<\/li><\/ul><\/div>\n\n\n<div   style=\"--mw-container-border-top-thickness: 0px; --mw-container-border-right-thickness: 0px; --mw-container-border-bottom-thickness: 0px; --mw-container-border-left-thickness: 0px;\" class=\"mw-container mw-container__full mw-container__bg-none mw-container__flex mw-container__items-start mw-container__justify-start mw-container__flex-column mw-container__flex-wrap mw-container__mt--spacing-none mw-container__mb--spacing-none mw-container__pt--spacing-none mw-container__pb--spacing-none mw-container__gap-x--spacing-none mw-container__gap-y--spacing-none mw-container__border--none mw-container__shadow-none mw-container__radius-none md-mw-container__full md-mw-container__flex md-mw-container__flex-row md-mw-container__items-start md-mw-container__justify-start md-mw-container__flex-wrap md-mw-container__mt--spacing-none md-mw-container__mb--spacing-none md-mw-container__pt--spacing-none md-mw-container__pb--spacing-none md-mw-container__gap-x--spacing-none md-mw-container__gap-y--spacing-none md-mw-container__radius-none  sm-mw-container__full sm-mw-container__flex sm-mw-container__flex-row sm-mw-container__items-start sm-mw-container__justify-start sm-mw-container__flex-wrap sm-mw-container__mt--spacing-none sm-mw-container__mb--spacing-none sm-mw-container__pt--spacing-none sm-mw-container__pb--spacing-none sm-mw-container__gap-x--spacing-none sm-mw-container__gap-y--spacing-none sm-mw-container__radius-none  bg-typo__pages bg-typo-1\"   >\n\t\n<span class=\"mw-typography mw-typography__text-left mw-typography-font--display mw-typography-style--normal mw-typography-weight--700 mw-typography-color--primary-50 mw-typography-size--display--xl\">EXPLORER<\/span>\n\n<\/div>\n\n\n<\/div>","protected":false},"excerpt":{"rendered":"","protected":false},"author":1,"featured_media":1113,"parent":24,"menu_order":11,"comment_status":"closed","ping_status":"closed","template":"wp-custom-template-page-pleine-largeur","meta":{"_acf_changed":false,"_relevanssi_hide_post":"","_relevanssi_hide_content":"","_relevanssi_pin_for_all":"","_relevanssi_pin_keywords":"","_relevanssi_unpin_keywords":"","_relevanssi_related_keywords":"","_relevanssi_related_include_ids":"","_relevanssi_related_exclude_ids":"","_relevanssi_related_no_append":"","_relevanssi_related_not_related":"","_relevanssi_related_posts":"","_relevanssi_noindex_reason":"","inline_featured_image":false,"footnotes":""},"class_list":["post-30","page","type-page","status-publish","has-post-thumbnail","hentry"],"acf":[],"_links":{"self":[{"href":"https:\/\/ccpoh-ot.mentalworks.me\/de\/wp-json\/wp\/v2\/pages\/30","targetHints":{"allow":["GET"]}}],"collection":[{"href":"https:\/\/ccpoh-ot.mentalworks.me\/de\/wp-json\/wp\/v2\/pages"}],"about":[{"href":"https:\/\/ccpoh-ot.mentalworks.me\/de\/wp-json\/wp\/v2\/types\/page"}],"author":[{"embeddable":true,"href":"https:\/\/ccpoh-ot.mentalworks.me\/de\/wp-json\/wp\/v2\/users\/1"}],"replies":[{"embeddable":true,"href":"https:\/\/ccpoh-ot.mentalworks.me\/de\/wp-json\/wp\/v2\/comments?post=30"}],"version-history":[{"count":7,"href":"https:\/\/ccpoh-ot.mentalworks.me\/de\/wp-json\/wp\/v2\/pages\/30\/revisions"}],"predecessor-version":[{"id":1489,"href":"https:\/\/ccpoh-ot.mentalworks.me\/de\/wp-json\/wp\/v2\/pages\/30\/revisions\/1489"}],"up":[{"embeddable":true,"href":"https:\/\/ccpoh-ot.mentalworks.me\/de\/wp-json\/wp\/v2\/pages\/24"}],"wp:featuredmedia":[{"embeddable":true,"href":"https:\/\/ccpoh-ot.mentalworks.me\/de\/wp-json\/wp\/v2\/media\/1113"}],"wp:attachment":[{"href":"https:\/\/ccpoh-ot.mentalworks.me\/de\/wp-json\/wp\/v2\/media?parent=30"}],"curies":[{"name":"wp","href":"https:\/\/api.w.org\/{rel}","templated":true}]}}